{"id":793,"date":"2024-01-29T16:47:45","date_gmt":"2024-01-29T16:47:45","guid":{"rendered":"https:\/\/startersites.io\/blocksy\/smile-dent\/?page_id=7"},"modified":"2026-02-05T17:23:42","modified_gmt":"2026-02-05T17:23:42","slug":"home","status":"publish","type":"page","link":"https:\/\/odontopediatria.uaz.edu.mx\/","title":{"rendered":"INICIO"},"content":{"rendered":"\n<p class=\"has-large-font-size\"><strong><span style=\"color: #cf2e2e;\" class=\"stk-highlight\">REGISTRO DE ASPIRANTES <\/span><\/strong><\/p>\n\n\n\n<p class=\"has-medium-font-size\"><a href=\"https:\/\/apps.uaz.edu.mx\/aspirante\/registro\/inicio\">https:\/\/apps.uaz.edu.mx\/aspirante\/re<\/a><a href=\"https:\/\/apps.uaz.edu.mx\/aspirante\/registro\/inicio\" target=\"_blank\" rel=\"noreferrer noopener\">g<\/a><a href=\"https:\/\/apps.uaz.edu.mx\/aspirante\/registro\/inicio\">istro\/inicio<\/a><\/p>\n\n\n\n<div class=\"wp-block-stackable-text stk-block-text stk-block stk-ee23da8\" data-block-id=\"ee23da8\"><style>.stk-ee23da8 .stk-block-text__text{text-shadow:none !important;font-size:var(--stk--preset--font-size--large, 30px) !important;}@media screen and (max-width:999px){.stk-ee23da8 .stk-block-text__text{font-size:var(--stk--preset--font-size--large, 30px) !important;}}<\/style><p class=\"stk-block-text__text\"><strong><span style=\"color: var(--theme-palette-color-3, #355575);\" class=\"stk-highlight\">CONVOCATORIA 2026 &#8211; 2028     <\/span><\/strong><\/p><\/div>\n\n\n\n<div class=\"wp-block-stackable-columns stk-block-columns stk-block stk-5ba0d86\" data-block-id=\"5ba0d86\"><div class=\"stk-row stk-inner-blocks stk-block-content stk-content-align stk-5ba0d86-column\">\n<div class=\"wp-block-stackable-column stk-block-column stk-column stk-block stk-1b1a997\" data-v=\"4\" data-block-id=\"1b1a997\"><div class=\"stk-column-wrapper stk-block-column__content stk-container stk-1b1a997-container stk--no-background stk--no-padding\"><div class=\"stk-block-content stk-inner-blocks stk-1b1a997-inner-blocks\">\n<div class=\"wp-block-stackable-image stk-block-image stk-block stk-2f3544e\" data-block-id=\"2f3544e\"><figure><a class=\"stk-link\" href=\"http:\/\/odontopediatria.uaz.edu.mx\/wp-content\/uploads\/2026\/01\/1.jpg\" target=\"_blank\" rel=\"noreferrer noopener\"><span class=\"stk-img-wrapper stk-image--shape-stretch\"><img loading=\"lazy\" decoding=\"async\" class=\"stk-img wp-image-1012\" src=\"http:\/\/odontopediatria.uaz.edu.mx\/wp-content\/uploads\/2026\/01\/1.jpg\" width=\"2000\" height=\"1545\" srcset=\"https:\/\/odontopediatria.uaz.edu.mx\/wp-content\/uploads\/2026\/01\/1.jpg 2000w, https:\/\/odontopediatria.uaz.edu.mx\/wp-content\/uploads\/2026\/01\/1-300x232.jpg 300w, https:\/\/odontopediatria.uaz.edu.mx\/wp-content\/uploads\/2026\/01\/1-1024x791.jpg 1024w, https:\/\/odontopediatria.uaz.edu.mx\/wp-content\/uploads\/2026\/01\/1-768x593.jpg 768w, https:\/\/odontopediatria.uaz.edu.mx\/wp-content\/uploads\/2026\/01\/1-1536x1187.jpg 1536w, https:\/\/odontopediatria.uaz.edu.mx\/wp-content\/uploads\/2026\/01\/1-600x464.jpg 600w\" sizes=\"auto, (max-width: 2000px) 100vw, 2000px\" \/><\/span><\/a><\/figure><\/div>\n<\/div><\/div><\/div>\n\n\n\n<div class=\"wp-block-stackable-column stk-block-column stk-column stk-block stk-448e29f\" data-v=\"4\" data-block-id=\"448e29f\"><div class=\"stk-column-wrapper stk-block-column__content stk-container stk-448e29f-container stk--no-background stk--no-padding\"><div class=\"stk-block-content stk-inner-blocks stk-448e29f-inner-blocks\">\n<div class=\"wp-block-stackable-image stk-block-image stk-block stk-9bda932\" data-block-id=\"9bda932\"><figure><a class=\"stk-link\" href=\"http:\/\/odontopediatria.uaz.edu.mx\/wp-content\/uploads\/2026\/01\/2.jpg\" target=\"_blank\" rel=\"noreferrer noopener\"><span class=\"stk-img-wrapper stk-image--shape-stretch\"><img loading=\"lazy\" decoding=\"async\" class=\"stk-img wp-image-1013\" src=\"http:\/\/odontopediatria.uaz.edu.mx\/wp-content\/uploads\/2026\/01\/2.jpg\" width=\"2000\" height=\"1545\" srcset=\"https:\/\/odontopediatria.uaz.edu.mx\/wp-content\/uploads\/2026\/01\/2.jpg 2000w, https:\/\/odontopediatria.uaz.edu.mx\/wp-content\/uploads\/2026\/01\/2-300x232.jpg 300w, https:\/\/odontopediatria.uaz.edu.mx\/wp-content\/uploads\/2026\/01\/2-1024x791.jpg 1024w, https:\/\/odontopediatria.uaz.edu.mx\/wp-content\/uploads\/2026\/01\/2-768x593.jpg 768w, https:\/\/odontopediatria.uaz.edu.mx\/wp-content\/uploads\/2026\/01\/2-1536x1187.jpg 1536w, https:\/\/odontopediatria.uaz.edu.mx\/wp-content\/uploads\/2026\/01\/2-600x464.jpg 600w\" sizes=\"auto, (max-width: 2000px) 100vw, 2000px\" \/><\/span><\/a><\/figure><\/div>\n<\/div><\/div><\/div>\n<\/div><\/div>\n\n\n\n<div class=\"wp-block-greenshift-blocks-row gspb_row gspb_row-id-gsbp-afedc12 gspb_row--gutter-custom-0\" id=\"gspb_row-id-gsbp-afedc12\"><div class=\"gspb_row__content\"> \n<div class=\"wp-block-greenshift-blocks-row-column gspb_row__col--6 gspb_row__col--md-12 gspb_col-id-gsbp-8bb2dcd\" id=\"gspb_col-id-gsbp-8bb2dcd\">\n<h2 id=\"gspb_heading-id-gsbp-bbf0167\" class=\"gspb_heading gspb_heading-id-gsbp-bbf0167 \">La Especialidad en Odontopediatr\u00eda busca formar especialistas con bases cient\u00edficas s\u00f3lidas para atender las necesidades de salud bucal infantil.<\/h2>\n\n\n\n<div id=\"gspb_text-id-gsbp-bcba7fa\" class=\"gspb_text gspb_text-id-gsbp-bcba7fa \">La Especialidad en Odontopediatr\u00eda es reconocida por el Sistema Nacional de Posgrados (SNP) SECIHTI<\/div>\n<\/div>\n\n\n\n<div class=\"wp-block-greenshift-blocks-row-column gspb_row__col--6 gspb_row__col--md-12 gspb_col-id-gsbp-3582531\" id=\"gspb_col-id-gsbp-3582531\">\n<div class=\"wp-block-greenshift-blocks-image gspb_image gspb_image-id-gsbp-af85565\" id=\"gspb_image-id-gsbp-af85565\"><img decoding=\"async\" src=\"https:\/\/odontopediatria.uaz.edu.mx\/wp-content\/uploads\/2025\/11\/555675929_2191308138048692_3640533766794177535_n.jpg\" data-src=\"\" alt=\"\" loading=\"lazy\" width=\"2048\" height=\"1280\"\/><\/div>\n<\/div>\n <\/div><\/div>\n\n\n\n<div class=\"wp-block-greenshift-blocks-container gspb_container gspb_container-gsbp-b565ac4\" id=\"gspb_container-id-gsbp-b565ac4\">\n<div class=\"wp-block-uagb-image uagb-block-ed1fb35e wp-block-uagb-image--layout-default wp-block-uagb-image--effect-static wp-block-uagb-image--align-none\"><figure class=\"wp-block-uagb-image__figure\"><img decoding=\"async\" srcset=\"https:\/\/odontopediatria.uaz.edu.mx\/wp-content\/uploads\/2025\/12\/FELICITACION-ESPECIALIDAD-ODONTOPEDIATRIA-1-819x1024.png ,https:\/\/odontopediatria.uaz.edu.mx\/wp-content\/uploads\/2025\/12\/FELICITACION-ESPECIALIDAD-ODONTOPEDIATRIA-1.png 780w, https:\/\/odontopediatria.uaz.edu.mx\/wp-content\/uploads\/2025\/12\/FELICITACION-ESPECIALIDAD-ODONTOPEDIATRIA-1.png 360w\" sizes=\"auto, (max-width: 480px) 150px\" src=\"https:\/\/odontopediatria.uaz.edu.mx\/wp-content\/uploads\/2025\/12\/FELICITACION-ESPECIALIDAD-ODONTOPEDIATRIA-1-819x1024.png\" alt=\"\" class=\"uag-image-984\" width=\"535\" height=\"700\" title=\"FELICITACION ESPECIALIDAD ODONTOPEDIATRIA\" loading=\"lazy\" role=\"img\"\/><\/figure><\/div>\n<\/div>\n\n\n\n<div class=\"wp-block-greenshift-blocks-row gspb_row gspb_row-id-gsbp-0171180 gspb_row--gutter-custom-0\" id=\"gspb_row-id-gsbp-0171180\"><div class=\"gspb_row__content\"> \n<div class=\"wp-block-greenshift-blocks-row-column gspb_row__col--2 gspb_row__col--md-4 gspb_row__col--xs-6 gspb_col-id-gsbp-bc5c3ac\" id=\"gspb_col-id-gsbp-bc5c3ac\"><\/div>\n\n\n\n<div class=\"wp-block-greenshift-blocks-row-column gspb_row__col--2 gspb_row__col--md-4 gspb_row__col--xs-6 gspb_col-id-gsbp-8bc9563\" id=\"gspb_col-id-gsbp-8bc9563\">\n<figure class=\"wp-block-image size-full is-resized\"><img loading=\"lazy\" decoding=\"async\" width=\"640\" height=\"640\" src=\"http:\/\/odontopediatria.uaz.edu.mx\/wp-content\/uploads\/2025\/11\/Direccion-10.png\" alt=\"\" class=\"wp-image-874\" style=\"width:154px;height:auto\" srcset=\"https:\/\/odontopediatria.uaz.edu.mx\/wp-content\/uploads\/2025\/11\/Direccion-10.png 640w, https:\/\/odontopediatria.uaz.edu.mx\/wp-content\/uploads\/2025\/11\/Direccion-10-300x300.png 300w, https:\/\/odontopediatria.uaz.edu.mx\/wp-content\/uploads\/2025\/11\/Direccion-10-150x150.png 150w, https:\/\/odontopediatria.uaz.edu.mx\/wp-content\/uploads\/2025\/11\/Direccion-10-600x600.png 600w, https:\/\/odontopediatria.uaz.edu.mx\/wp-content\/uploads\/2025\/11\/Direccion-10-100x100.png 100w\" sizes=\"auto, (max-width: 640px) 100vw, 640px\" \/><\/figure>\n<\/div>\n\n\n\n<div class=\"wp-block-greenshift-blocks-row-column gspb_row__col--2 gspb_row__col--md-4 gspb_row__col--xs-6 gspb_col-id-gsbp-77fec91\" id=\"gspb_col-id-gsbp-77fec91\">\n<figure class=\"wp-block-image size-full\"><img loading=\"lazy\" decoding=\"async\" width=\"253\" height=\"199\" src=\"https:\/\/odontopediatria.uaz.edu.mx\/wp-content\/uploads\/2026\/01\/Logo-SNP-2.png\" alt=\"\" class=\"wp-image-989\"\/><\/figure>\n<\/div>\n\n\n\n<div class=\"wp-block-greenshift-blocks-row-column gspb_row__col--2 gspb_row__col--md-4 gspb_row__col--xs-6 gspb_col-id-gsbp-b21e0db\" id=\"gspb_col-id-gsbp-b21e0db\">\n<figure class=\"wp-block-gallery has-nested-images columns-default is-cropped wp-block-gallery-1 is-layout-flex wp-block-gallery-is-layout-flex\">\n<figure class=\"wp-block-image size-large\"><img loading=\"lazy\" decoding=\"async\" width=\"1024\" height=\"223\" data-id=\"911\" src=\"https:\/\/odontopediatria.uaz.edu.mx\/wp-content\/uploads\/2025\/11\/6.-ESCUDO.B-UAZ-25.29-1024x223.png\" alt=\"\" class=\"wp-image-911\" srcset=\"https:\/\/odontopediatria.uaz.edu.mx\/wp-content\/uploads\/2025\/11\/6.-ESCUDO.B-UAZ-25.29-1024x223.png 1024w, https:\/\/odontopediatria.uaz.edu.mx\/wp-content\/uploads\/2025\/11\/6.-ESCUDO.B-UAZ-25.29-300x65.png 300w, https:\/\/odontopediatria.uaz.edu.mx\/wp-content\/uploads\/2025\/11\/6.-ESCUDO.B-UAZ-25.29-768x168.png 768w, https:\/\/odontopediatria.uaz.edu.mx\/wp-content\/uploads\/2025\/11\/6.-ESCUDO.B-UAZ-25.29-1536x335.png 1536w, https:\/\/odontopediatria.uaz.edu.mx\/wp-content\/uploads\/2025\/11\/6.-ESCUDO.B-UAZ-25.29-2048x447.png 2048w, https:\/\/odontopediatria.uaz.edu.mx\/wp-content\/uploads\/2025\/11\/6.-ESCUDO.B-UAZ-25.29-600x131.png 600w\" sizes=\"auto, (max-width: 1024px) 100vw, 1024px\" \/><\/figure>\n<\/figure>\n<\/div>\n\n\n\n<div class=\"wp-block-greenshift-blocks-row-column gspb_row__col--2 gspb_row__col--md-4 gspb_row__col--xs-6 gspb_col-id-gsbp-47e2319\" id=\"gspb_col-id-gsbp-47e2319\"><\/div>\n\n\n\n<div class=\"wp-block-greenshift-blocks-row-column gspb_row__col--2 gspb_row__col--md-4 gspb_row__col--xs-6 gspb_col-id-gsbp-c231afe\" id=\"gspb_col-id-gsbp-c231afe\"><\/div>\n <\/div><\/div>\n\n\n\n<div class=\"wp-block-greenshift-blocks-container gspb_container gspb_container-gsbp-964ad47\" id=\"gspb_container-id-gsbp-964ad47\">\n<div class=\"wp-block-greenshift-blocks-container gspb_container gspb_container-gsbp-2911d55\" id=\"gspb_container-id-gsbp-2911d55\">\n<div id=\"gspb_text-id-gsbp-fbc1320\" class=\"gspb_text gspb_text-id-gsbp-fbc1320 \"><\/div>\n<\/div>\n\n\n\n<div class=\"wp-block-greenshift-blocks-container gspb_container gspb_container-gsbp-e9f6ea5\" id=\"gspb_container-id-gsbp-e9f6ea5\">\n<div id=\"gspb_text-id-gsbp-cc5a126\" class=\"gspb_text gspb_text-id-gsbp-cc5a126 \">Nuestros pacientes en buenas manos<\/div>\n\n\n\n<figure class=\"wp-block-image size-large\"><img loading=\"lazy\" decoding=\"async\" width=\"1024\" height=\"430\" src=\"http:\/\/odontopediatria.uaz.edu.mx\/wp-content\/uploads\/2021\/06\/Cris-Carrusel-1024x430.png\" alt=\"\" class=\"wp-image-397\" srcset=\"https:\/\/odontopediatria.uaz.edu.mx\/wp-content\/uploads\/2021\/06\/Cris-Carrusel-1024x430.png 1024w, https:\/\/odontopediatria.uaz.edu.mx\/wp-content\/uploads\/2021\/06\/Cris-Carrusel-600x252.png 600w, https:\/\/odontopediatria.uaz.edu.mx\/wp-content\/uploads\/2021\/06\/Cris-Carrusel-300x126.png 300w, https:\/\/odontopediatria.uaz.edu.mx\/wp-content\/uploads\/2021\/06\/Cris-Carrusel-768x323.png 768w, https:\/\/odontopediatria.uaz.edu.mx\/wp-content\/uploads\/2021\/06\/Cris-Carrusel.png 1280w\" sizes=\"auto, (max-width: 1024px) 100vw, 1024px\" \/><\/figure>\n<\/div>\n\n\n\n<div class=\"wp-block-greenshift-blocks-iconbox gspb_iconBox gspb_iconBox-id-gsbp-48e39af\" id=\"gspb_iconBox-id-gsbp-48e39af\"><div class=\"gspb_iconBox__wrapper\" style=\"display:inline-flex\"><svg class=\"\" style=\"display:inline-block;vertical-align:middle\" width=\"72\" height=\"72\" viewBox=\"0 0 1024 1024\" xmlns=\"http:\/\/www.w3.org\/2000\/svg\"><path style=\"fill:#565D66\" d=\"M928 64h-256c-53 0-96 43-96 96v256c0 53 43 96 96 96h160v128c0 70.6-57.4 128-128 128h-16c-26.6 0-48 21.4-48 48v96c0 26.6 21.4 48 48 48h16c176.8 0 320-143.2 320-320v-480c0-53-43-96-96-96zM352 64h-256c-53 0-96 43-96 96v256c0 53 43 96 96 96h160v128c0 70.6-57.4 128-128 128h-16c-26.6 0-48 21.4-48 48v96c0 26.6 21.4 48 48 48h16c176.8 0 320-143.2 320-320v-480c0-53-43-96-96-96z\"><\/path><\/svg><\/div><\/div>\n<\/div>\n\n\n\n<div class=\"wp-block-greenshift-blocks-container alignfull gspb_container gspb_container-gsbp-318027b\" id=\"gspb_container-id-gsbp-318027b\"><\/div>\n\n\n\n<p><\/p>\n","protected":false},"excerpt":{"rendered":"<p>REGISTRO DE ASPIRANTES https:\/\/apps.uaz.edu.mx\/aspirante\/registro\/inicio CONVOCATORIA 2026 &#8211; 2028<\/p>\n","protected":false},"author":2,"featured_media":0,"parent":0,"menu_order":0,"comment_status":"closed","ping_status":"closed","template":"","meta":{"_gspb_post_css":"#gspb_row-id-gsbp-afedc12{justify-content:space-between;margin-top:0;margin-bottom:0;display:flex;flex-wrap:wrap;padding-top:80px;padding-right:80px;padding-left:80px}#gspb_row-id-gsbp-afedc12>.gspb_row__content{display:flex;justify-content:space-between;margin:0 auto;width:100%;flex-wrap:wrap}div[id^=gspb_col-id]{box-sizing:border-box;position:relative;padding:var(--gs-row-column-padding, 15px min(3vw, 20px))}body.gspb-bodyfront #gspb_row-id-gsbp-afedc12>.gspb_row__content{width:var(--theme-container-width, 1200px);max-width:var(--theme-normal-container-max-width, 1200px)}@media (max-width:991.98px){#gspb_row-id-gsbp-afedc12{padding-top:60px;padding-right:50px;padding-left:50px}}@media (max-width:575.98px){#gspb_row-id-gsbp-afedc12{padding-top:50px;padding-right:35px;padding-left:35px}}#gspb_row-id-gsbp-afedc12{background-color:var(--wp--preset--color--palette-color-7, var(--theme-palette-color-7, #F7FAFD))}#gspb_row-id-gsbp-afedc12,#gspb_row-id-gsbp-afedc12>.gspb_backgroundOverlay{border-top-left-radius:40px;border-top-right-radius:40px}#gspb_col-id-gsbp-8bb2dcd.gspb_row__col--6{width:calc(50% - 25px)}@media (max-width:991.98px){#gspb_col-id-gsbp-8bb2dcd.gspb_row__col--6{width:100%}}@media (max-width:767.98px){#gspb_col-id-gsbp-8bb2dcd.gspb_row__col--6{width:calc(100% - 25px)}}@media (max-width:575.98px){#gspb_col-id-gsbp-8bb2dcd.gspb_row__col--6{width:100%}}.gspb_row #gspb_col-id-gsbp-8bb2dcd.gspb_row__col--6{padding:0 0 80px}@media (max-width:991.98px){.gspb_row #gspb_col-id-gsbp-8bb2dcd.gspb_row__col--6{padding-bottom:50px}}body #gspb_col-id-gsbp-8bb2dcd.gspb_row__col--6{display:flex;flex-direction:column;justify-content:center}#gspb_heading-id-gsbp-bbf0167{font-size:38px}@media (max-width:991.98px){#gspb_heading-id-gsbp-bbf0167{font-size:35px}}@media (max-width:575.98px){#gspb_heading-id-gsbp-bbf0167{font-size:30px}}#gspb_heading-id-gsbp-bbf0167,#gspb_heading-id-gsbp-bbf0167 .gsap-g-line{text-align:left!important}@media (max-width:991.98px){#gspb_heading-id-gsbp-bbf0167,#gspb_heading-id-gsbp-bbf0167 .gsap-g-line{text-align:center!important}}#gspb_heading-id-gsbp-bbf0167{font-weight:800!important;margin-top:0;margin-bottom:20px}@media (max-width:991.98px){.gspb_text-id-gsbp-bcba7fa,.gspb_text-id-gsbp-bcba7fa .gsap-g-line{text-align:center!important}}.gspb_text-id-gsbp-bcba7fa{margin-bottom:40px!important}#gspb_col-id-gsbp-3582531.gspb_row__col--6{width:calc(50% - 25px)}@media (max-width:991.98px){#gspb_col-id-gsbp-3582531.gspb_row__col--6{width:100%}}@media (max-width:767.98px){#gspb_col-id-gsbp-3582531.gspb_row__col--6{width:calc(100% - 25px)}}@media (max-width:575.98px){#gspb_col-id-gsbp-3582531.gspb_row__col--6{width:100%}}.gspb_row #gspb_col-id-gsbp-3582531.gspb_row__col--6,.gspb_row #gspb_col-id-gsbp-47e2319.gspb_row__col--2,.gspb_row #gspb_col-id-gsbp-77fec91.gspb_row__col--2,.gspb_row #gspb_col-id-gsbp-8bc9563.gspb_row__col--2,.gspb_row #gspb_col-id-gsbp-b21e0db.gspb_row__col--2,.gspb_row #gspb_col-id-gsbp-bc5c3ac.gspb_row__col--2,.gspb_row #gspb_col-id-gsbp-c231afe.gspb_row__col--2{padding:0}body #gspb_col-id-gsbp-3582531.gspb_row__col--6{display:flex;flex-direction:column;justify-content:flex-end}@media (max-width:991.98px){#gspb_image-id-gsbp-af85565{text-align:center}}#gspb_image-id-gsbp-af85565 img{object-position:54% 51%;vertical-align:top;display:inline-block;box-sizing:border-box;max-width:100%;height:auto}body.gspb-bodyfront #gspb_image-id-gsbp-af85565{position:absolute;top:0;left:0}@media (max-width:991.98px){#gspb_image-id-gsbp-af85565 img{width:80%}}@media (max-width:575.98px){#gspb_image-id-gsbp-af85565 img{width:100%}}@media (max-width:991.98px){#gspb_image-id-gsbp-af85565,#gspb_image-id-gsbp-af85565 img{height:auto}}@media (max-width:767.98px){#gspb_image-id-gsbp-af85565,#gspb_image-id-gsbp-af85565 img{height:auto}}@media (max-width:575.98px){#gspb_image-id-gsbp-af85565,#gspb_image-id-gsbp-af85565 img{height:auto}}.gspb_container-id-gsbp-b565ac4{flex-direction:column;box-sizing:border-box}#gspb_container-id-gsbp-2911d55.gspb_container>p:last-of-type,#gspb_container-id-gsbp-318027b.gspb_container>p:last-of-type,#gspb_container-id-gsbp-964ad47.gspb_container>p:last-of-type,#gspb_container-id-gsbp-b565ac4.gspb_container>p:last-of-type,#gspb_container-id-gsbp-e9f6ea5.gspb_container>p:last-of-type{margin-bottom:0}#gspb_container-id-gsbp-b565ac4.gspb_container{position:relative;display:flex;flex-direction:column;align-items:center;margin-bottom:60px}@media (max-width:991.98px){#gspb_container-id-gsbp-b565ac4.gspb_container{margin-bottom:40px}}#gspb_row-id-gsbp-0171180{justify-content:space-between;margin-top:0;display:flex;flex-wrap:wrap;align-content:center;margin-bottom:120px;padding:60px 30px}#gspb_row-id-gsbp-0171180>.gspb_row__content{display:flex;justify-content:space-between;margin:0 auto;width:100%;flex-wrap:wrap}.gspb_row{position:relative}@media (max-width:991.98px){#gspb_row-id-gsbp-0171180>.gspb_row__content{row-gap:50px}}#gspb_row-id-gsbp-0171180>.gspb_row__content{align-items:center}body.gspb-bodyfront #gspb_row-id-gsbp-0171180>.gspb_row__content{width:var(--theme-container-width, 1200px);max-width:var(--theme-normal-container-max-width, 1200px)}@media (max-width:991.98px){#gspb_row-id-gsbp-0171180{margin-bottom:80px;padding:50px 30px}}@media (max-width:575.98px){#gspb_row-id-gsbp-0171180{margin-bottom:60px}}#gspb_row-id-gsbp-0171180{background-color:var(--wp--preset--color--palette-color-2, var(--theme-palette-color-2, #24417C))}#gspb_row-id-gsbp-0171180,#gspb_row-id-gsbp-0171180>.gspb_backgroundOverlay{border-bottom-right-radius:40px;border-bottom-left-radius:40px}#gspb_col-id-gsbp-bc5c3ac.gspb_row__col--2{width:calc(16.666666666666668% - 25px)}@media (max-width:991.98px){#gspb_col-id-gsbp-bc5c3ac.gspb_row__col--2{width:calc(33.333333333333336% - 25px)}}@media (max-width:767.98px){#gspb_col-id-gsbp-bc5c3ac.gspb_row__col--2{width:calc(33.333333333333336% - 25px)}}@media (max-width:575.98px){#gspb_col-id-gsbp-bc5c3ac.gspb_row__col--2{width:50%}}#gspb_col-id-gsbp-8bc9563.gspb_row__col--2{width:calc(16.666666666666668% - 25px)}@media (max-width:991.98px){#gspb_col-id-gsbp-8bc9563.gspb_row__col--2{width:calc(33.333333333333336% - 25px)}}@media (max-width:767.98px){#gspb_col-id-gsbp-8bc9563.gspb_row__col--2{width:calc(33.333333333333336% - 25px)}}@media (max-width:575.98px){#gspb_col-id-gsbp-8bc9563.gspb_row__col--2{width:50%}}#gspb_col-id-gsbp-77fec91.gspb_row__col--2{width:calc(16.666666666666668% - 25px)}@media (max-width:991.98px){#gspb_col-id-gsbp-77fec91.gspb_row__col--2{width:calc(33.333333333333336% - 25px)}}@media (max-width:767.98px){#gspb_col-id-gsbp-77fec91.gspb_row__col--2{width:calc(33.333333333333336% - 25px)}}@media (max-width:575.98px){#gspb_col-id-gsbp-77fec91.gspb_row__col--2{width:50%}}#gspb_col-id-gsbp-b21e0db.gspb_row__col--2{width:calc(16.666666666666668% - 25px)}@media (max-width:991.98px){#gspb_col-id-gsbp-b21e0db.gspb_row__col--2{width:calc(33.333333333333336% - 25px)}}@media (max-width:767.98px){#gspb_col-id-gsbp-b21e0db.gspb_row__col--2{width:calc(33.333333333333336% - 25px)}}@media (max-width:575.98px){#gspb_col-id-gsbp-b21e0db.gspb_row__col--2{width:50%}}#gspb_col-id-gsbp-47e2319.gspb_row__col--2{width:calc(16.666666666666668% - 25px)}@media (max-width:991.98px){#gspb_col-id-gsbp-47e2319.gspb_row__col--2{width:calc(33.333333333333336% - 25px)}}@media (max-width:767.98px){#gspb_col-id-gsbp-47e2319.gspb_row__col--2{width:calc(33.333333333333336% - 25px)}}@media (max-width:575.98px){#gspb_col-id-gsbp-47e2319.gspb_row__col--2{width:50%}}#gspb_col-id-gsbp-c231afe.gspb_row__col--2{width:calc(16.666666666666668% - 25px)}@media (max-width:991.98px){#gspb_col-id-gsbp-c231afe.gspb_row__col--2{width:calc(33.333333333333336% - 25px)}}@media (max-width:767.98px){#gspb_col-id-gsbp-c231afe.gspb_row__col--2{width:calc(33.333333333333336% - 25px)}}@media (max-width:575.98px){#gspb_col-id-gsbp-c231afe.gspb_row__col--2{width:50%}}.gspb_container-id-gsbp-2911d55,.gspb_container-id-gsbp-964ad47{flex-direction:column;box-sizing:border-box}#gspb_container-id-gsbp-964ad47.gspb_container{position:relative;display:flex;column-gap:40px}@media (max-width:991.98px){#gspb_container-id-gsbp-964ad47.gspb_container{flex-direction:column;align-items:center;row-gap:20px}}#gspb_container-id-gsbp-964ad47.gspb_container{margin-bottom:120px;padding:120px 130px}@media (max-width:991.98px){#gspb_container-id-gsbp-964ad47.gspb_container{margin-bottom:80px;padding:50px}}@media (max-width:575.98px){#gspb_container-id-gsbp-964ad47.gspb_container{margin-bottom:60px;padding:35px}}#gspb_container-id-gsbp-964ad47.gspb_container,#gspb_container-id-gsbp-964ad47.gspb_container>.gspb_backgroundOverlay{border-top-left-radius:40px;border-top-right-radius:40px;border-bottom-right-radius:40px;border-bottom-left-radius:40px}#gspb_container-id-gsbp-964ad47.gspb_container{background-color:var(--wp--preset--color--palette-color-2, var(--theme-palette-color-2, #24417C))}#gspb_container-id-gsbp-2911d55.gspb_container{position:relative;display:flex;flex-direction:column;align-items:center;row-gap:20px}@media (max-width:991.98px){#gspb_container-id-gsbp-2911d55.gspb_container{flex-direction:column;justify-content:flex-end;align-items:center}}#gspb_container-id-gsbp-2911d55.gspb_container{width:150px}.gspb_text-id-gsbp-fbc1320{font-size:18px;font-weight:600!important;color:var(--wp--preset--color--palette-color-8, var(--theme-palette-color-8, #ffffff))}.gspb_container-id-gsbp-e9f6ea5{flex-direction:column;box-sizing:border-box}#gspb_container-id-gsbp-e9f6ea5.gspb_container{position:relative}body.gspb-bodyfront #gspb_container-id-gsbp-e9f6ea5.gspb_container{flex-grow:1;flex-basis:0}.gspb_text-id-gsbp-cc5a126{font-size:35px}@media (max-width:991.98px){.gspb_text-id-gsbp-cc5a126{font-size:25px}}@media (max-width:575.98px){.gspb_text-id-gsbp-cc5a126{font-size:20px}}@media (max-width:991.98px){.gspb_text-id-gsbp-cc5a126,.gspb_text-id-gsbp-cc5a126 .gsap-g-line{text-align:center!important}}.gspb_text-id-gsbp-cc5a126{font-weight:700!important;color:var(--wp--preset--color--palette-color-8, var(--theme-palette-color-8, #ffffff))}#gspb_iconBox-id-gsbp-48e39af svg{height:50px!important;width:50px!important;min-width:50px!important}#gspb_iconBox-id-gsbp-48e39af{justify-content:center;display:flex}@media (max-width:991.98px){#gspb_iconBox-id-gsbp-48e39af svg{height:30px!important;width:30px!important;min-width:30px!important}}#gspb_iconBox-id-gsbp-48e39af svg,#gspb_iconBox-id-gsbp-48e39af svg path{fill:var(--wp--preset--color--palette-color-9, var(--theme-palette-color-9, #FFE8DA))!important}#gspb_iconBox-id-gsbp-48e39af svg{margin:0!important}#gspb_iconBox-id-gsbp-48e39af .gspb_iconBox__wrapper{margin-top:-30px}@media (max-width:991.98px){#gspb_iconBox-id-gsbp-48e39af .gspb_iconBox__wrapper{margin-top:0}}.gspb_container-id-gsbp-318027b{flex-direction:column;box-sizing:border-box}#gspb_container-id-gsbp-318027b.gspb_container{position:relative;background-color:var(--wp--preset--color--palette-color-7, var(--theme-palette-color-7, #F7FAFD));height:200px}","_uag_custom_page_level_css":"","footnotes":""},"class_list":["post-793","page","type-page","status-publish","hentry"],"blocksy_meta":{"has_hero_section":"disabled","styles_descriptor":{"styles":{"desktop":"","tablet":"","mobile":""},"google_fonts":[],"version":6},"vertical_spacing_source":"custom","content_area_spacing":"none"},"uagb_featured_image_src":{"full":false,"thumbnail":false,"medium":false,"medium_large":false,"large":false,"1536x1536":false,"2048x2048":false,"woocommerce_archive_thumbnail":false,"woocommerce_thumbnail":false,"woocommerce_single":false,"woocommerce_gallery_thumbnail":false},"uagb_author_info":{"display_name":"Administrador Odontopediatria","author_link":"https:\/\/odontopediatria.uaz.edu.mx\/?author=2"},"uagb_comment_info":0,"uagb_excerpt":"REGISTRO DE ASPIRANTES https:\/\/apps.uaz.edu.mx\/aspirante\/registro\/inicio CONVOCATORIA 2026 &#8211; 2028","_links":{"self":[{"href":"https:\/\/odontopediatria.uaz.edu.mx\/index.php?rest_route=\/wp\/v2\/pages\/793","targetHints":{"allow":["GET"]}}],"collection":[{"href":"https:\/\/odontopediatria.uaz.edu.mx\/index.php?rest_route=\/wp\/v2\/pages"}],"about":[{"href":"https:\/\/odontopediatria.uaz.edu.mx\/index.php?rest_route=\/wp\/v2\/types\/page"}],"author":[{"embeddable":true,"href":"https:\/\/odontopediatria.uaz.edu.mx\/index.php?rest_route=\/wp\/v2\/users\/2"}],"replies":[{"embeddable":true,"href":"https:\/\/odontopediatria.uaz.edu.mx\/index.php?rest_route=%2Fwp%2Fv2%2Fcomments&post=793"}],"version-history":[{"count":18,"href":"https:\/\/odontopediatria.uaz.edu.mx\/index.php?rest_route=\/wp\/v2\/pages\/793\/revisions"}],"predecessor-version":[{"id":1016,"href":"https:\/\/odontopediatria.uaz.edu.mx\/index.php?rest_route=\/wp\/v2\/pages\/793\/revisions\/1016"}],"wp:attachment":[{"href":"https:\/\/odontopediatria.uaz.edu.mx\/index.php?rest_route=%2Fwp%2Fv2%2Fmedia&parent=793"}],"curies":[{"name":"wp","href":"https:\/\/api.w.org\/{rel}","templated":true}]}}